{"id":452,"date":"2025-01-30T16:43:19","date_gmt":"2025-01-30T15:43:19","guid":{"rendered":"https:\/\/www.krystkowiak.art\/?page_id=452"},"modified":"2025-08-27T09:55:26","modified_gmt":"2025-08-27T07:55:26","slug":"test","status":"publish","type":"page","link":"https:\/\/www.krystkowiak.art\/?page_id=452","title":{"rendered":"\u00c0 Propos"},"content":{"rendered":"\t\t<div data-elementor-type=\"wp-page\" data-elementor-id=\"452\" class=\"elementor elementor-452\">\n\t\t\t\t\t\t<section class=\"elementor-section elementor-top-section elementor-element elementor-element-539ee1f elementor-section-boxed elementor-section-height-default elementor-section-height-default\" data-id=\"539ee1f\" data-element_type=\"section\" data-e-type=\"section\">\n\t\t\t\t\t\t<div class=\"elementor-container elementor-column-gap-default\">\n\t\t\t\t\t<div class=\"elementor-column elementor-col-100 elementor-top-column elementor-element elementor-element-deb4a64\" data-id=\"deb4a64\" data-element_type=\"column\" data-e-type=\"column\">\n\t\t\t<div class=\"elementor-widget-wrap\">\n\t\t\t\t\t\t\t<\/div>\n\t\t<\/div>\n\t\t\t\t\t<\/div>\n\t\t<\/section>\n\t\t\t\t<section class=\"elementor-section elementor-top-section elementor-element elementor-element-6fc4974 elementor-section-boxed elementor-section-height-default elementor-section-height-default\" data-id=\"6fc4974\" data-element_type=\"section\" data-e-type=\"section\" data-settings=\"{&quot;background_background&quot;:&quot;classic&quot;}\">\n\t\t\t\t\t\t<div class=\"elementor-container elementor-column-gap-default\">\n\t\t\t\t\t<div class=\"elementor-column elementor-col-100 elementor-top-column elementor-element elementor-element-82c72ae\" data-id=\"82c72ae\" data-element_type=\"column\" data-e-type=\"column\">\n\t\t\t<div class=\"elementor-widget-wrap elementor-element-populated\">\n\t\t\t\t\t\t<div class=\"elementor-element elementor-element-e7e9ac4 elementor-widget elementor-widget-spacer\" data-id=\"e7e9ac4\" data-element_type=\"widget\" data-e-type=\"widget\" data-widget_type=\"spacer.default\">\n\t\t\t\t<div class=\"elementor-widget-container\">\n\t\t\t\t\t\t\t<div class=\"elementor-spacer\">\n\t\t\t<div class=\"elementor-spacer-inner\"><\/div>\n\t\t<\/div>\n\t\t\t\t\t\t<\/div>\n\t\t\t\t<\/div>\n\t\t\t\t<div class=\"elementor-element elementor-element-16ce39c elementor-widget elementor-widget-heading\" data-id=\"16ce39c\" data-element_type=\"widget\" data-e-type=\"widget\" data-widget_type=\"heading.default\">\n\t\t\t\t<div class=\"elementor-widget-container\">\n\t\t\t\t\t<h2 class=\"elementor-heading-title elementor-size-default\">\u00c0 PROPOS<\/h2>\t\t\t\t<\/div>\n\t\t\t\t<\/div>\n\t\t\t\t\t<\/div>\n\t\t<\/div>\n\t\t\t\t\t<\/div>\n\t\t<\/section>\n\t\t\t\t<section class=\"elementor-section elementor-top-section elementor-element elementor-element-6ff8409 elementor-section-boxed elementor-section-height-default elementor-section-height-default\" data-id=\"6ff8409\" data-element_type=\"section\" data-e-type=\"section\" data-settings=\"{&quot;background_background&quot;:&quot;slideshow&quot;,&quot;background_slideshow_gallery&quot;:[],&quot;background_slideshow_loop&quot;:&quot;yes&quot;,&quot;background_slideshow_slide_duration&quot;:5000,&quot;background_slideshow_slide_transition&quot;:&quot;fade&quot;,&quot;background_slideshow_transition_duration&quot;:500}\">\n\t\t\t\t\t\t<div class=\"elementor-container elementor-column-gap-default\">\n\t\t\t\t\t<div class=\"elementor-column elementor-col-100 elementor-top-column elementor-element elementor-element-f432358\" data-id=\"f432358\" data-element_type=\"column\" data-e-type=\"column\">\n\t\t\t<div class=\"elementor-widget-wrap elementor-element-populated\">\n\t\t\t\t\t\t<div class=\"elementor-element elementor-element-c4bdab1 elementor-widget elementor-widget-spacer\" data-id=\"c4bdab1\" data-element_type=\"widget\" data-e-type=\"widget\" data-widget_type=\"spacer.default\">\n\t\t\t\t<div class=\"elementor-widget-container\">\n\t\t\t\t\t\t\t<div class=\"elementor-spacer\">\n\t\t\t<div class=\"elementor-spacer-inner\"><\/div>\n\t\t<\/div>\n\t\t\t\t\t\t<\/div>\n\t\t\t\t<\/div>\n\t\t\t\t<div class=\"elementor-element elementor-element-7302458 elementor-widget elementor-widget-text-editor\" data-id=\"7302458\" data-element_type=\"widget\" data-e-type=\"widget\" data-widget_type=\"text-editor.default\">\n\t\t\t\t<div class=\"elementor-widget-container\">\n\t\t\t\t\t\t\t\t\t<p>N\u00e9e en Pologne, je suis profond\u00e9ment passionn\u00e9e par la photographie de la nature et les voyages. Depuis mon enfance, j\u2019ai \u00e9t\u00e9 t\u00e9moin de l\u2019art cr\u00e9atif de mon p\u00e8re, qui est peintre, dessinateur, sculpteur et artisan de bijoux. J\u2019ai poursuivi mes \u00e9tudes \u00e0 Poznan, fr\u00e9quentant une \u00e9cole priv\u00e9e d\u2019architecture et d\u2019art de renom en Pologne.<\/p>\n<p>Mon style de peinture est principalement abstrait et moderne, refl\u00e9tant une expression artistique contemporaine. En 2000, j\u2019ai pris le chemin de Monaco, o\u00f9 j\u2019ai puis\u00e9 une grande inspiration dans les nuances de bleu offertes par le ciel et la mer M\u00e9diterran\u00e9e. J\u2019attache une grande importance \u00e0 l\u2019harmonie des couleurs dans mes peintures \u00e0 l\u2019huile, \u00e0 l\u2019acrylique, \u00e0 l\u2019aquarelle, et m\u00eame en c\u00e9ramique.<\/p>\n<p>De mani\u00e8re tout \u00e0 fait unique, je compl\u00e8te mon processus artistique en prenant des photographies de mes tableaux, que j\u2019imprime ensuite sur des tissus. Cette approche cr\u00e9ative ajoute une dimension suppl\u00e9mentaire \u00e0 mon \u0153uvre, fusionnant la photographie et la peinture d\u2019une mani\u00e8re distinctive.<\/p>\n<p>Au fil du temps, j\u2019ai rejoint plusieurs clubs UNESCO \u00e0 Monaco en tant que conseill\u00e8re en art plastique et anim\u00e9 des ateliers pour enfants, cherchant \u00e0 partager ma passion avec la jeune g\u00e9n\u00e9ration. J\u2019ai \u00e9galement collabor\u00e9 activement avec l\u2019association Terre M\u00e9diterran\u00e9enne, organisant des ateliers artistiques dans les \u00e9coles de Monaco et mettant en place divers projets p\u00e9dagogiques avec les \u00e9l\u00e8ves.<\/p>\n<p>Mes cr\u00e9ations artistiques ont parcouru diverses destinations, de Monaco \u00e0 la Pologne, en passant par l\u2019Italie, la France, l&rsquo;Espagne et l&rsquo;Asie, o\u00f9 elles ont \u00e9t\u00e9 expos\u00e9es et appr\u00e9ci\u00e9es.<\/p>\t\t\t\t\t\t\t\t<\/div>\n\t\t\t\t<\/div>\n\t\t\t\t\t<\/div>\n\t\t<\/div>\n\t\t\t\t\t<\/div>\n\t\t<\/section>\n\t\t\t\t<section class=\"elementor-section elementor-top-section elementor-element elementor-element-732545e elementor-section-boxed elementor-section-height-default elementor-section-height-default\" data-id=\"732545e\" data-element_type=\"section\" data-e-type=\"section\">\n\t\t\t\t\t\t<div class=\"elementor-container elementor-column-gap-default\">\n\t\t\t\t\t<div class=\"elementor-column elementor-col-100 elementor-top-column elementor-element elementor-element-7c73ba1\" data-id=\"7c73ba1\" data-element_type=\"column\" data-e-type=\"column\">\n\t\t\t<div class=\"elementor-widget-wrap elementor-element-populated\">\n\t\t\t\t\t\t<div class=\"elementor-element elementor-element-cb90d35 elementor-widget elementor-widget-spacer\" data-id=\"cb90d35\" data-element_type=\"widget\" data-e-type=\"widget\" data-widget_type=\"spacer.default\">\n\t\t\t\t<div class=\"elementor-widget-container\">\n\t\t\t\t\t\t\t<div class=\"elementor-spacer\">\n\t\t\t<div class=\"elementor-spacer-inner\"><\/div>\n\t\t<\/div>\n\t\t\t\t\t\t<\/div>\n\t\t\t\t<\/div>\n\t\t\t\t\t<\/div>\n\t\t<\/div>\n\t\t\t\t\t<\/div>\n\t\t<\/section>\n\t\t\t\t<section class=\"elementor-section elementor-top-section elementor-element elementor-element-274a559 elementor-section-boxed elementor-section-height-default elementor-section-height-default\" data-id=\"274a559\" data-element_type=\"section\" data-e-type=\"section\" data-settings=\"{&quot;background_background&quot;:&quot;classic&quot;}\">\n\t\t\t\t\t\t<div class=\"elementor-container elementor-column-gap-default\">\n\t\t\t\t\t<div class=\"elementor-column elementor-col-100 elementor-top-column elementor-element elementor-element-1e91140\" data-id=\"1e91140\" data-element_type=\"column\" data-e-type=\"column\">\n\t\t\t<div class=\"elementor-widget-wrap elementor-element-populated\">\n\t\t\t\t\t\t<div class=\"elementor-element elementor-element-aadd087 elementor-arrows-position-inside elementor-pagination-position-outside elementor-widget elementor-widget-image-carousel\" data-id=\"aadd087\" data-element_type=\"widget\" data-e-type=\"widget\" data-settings=\"{&quot;navigation&quot;:&quot;both&quot;,&quot;autoplay&quot;:&quot;yes&quot;,&quot;pause_on_hover&quot;:&quot;yes&quot;,&quot;pause_on_interaction&quot;:&quot;yes&quot;,&quot;autoplay_speed&quot;:5000,&quot;infinite&quot;:&quot;yes&quot;,&quot;speed&quot;:500}\" data-widget_type=\"image-carousel.default\">\n\t\t\t\t<div class=\"elementor-widget-container\">\n\t\t\t\t\t\t\t<div class=\"elementor-image-carousel-wrapper swiper\" role=\"region\" aria-roledescription=\"carousel\" aria-label=\"Carrousel d\u2019images\" dir=\"ltr\">\n\t\t\t<div class=\"elementor-image-carousel swiper-wrapper\" aria-live=\"off\">\n\t\t\t\t\t\t\t\t<div class=\"swiper-slide\" role=\"group\" aria-roledescription=\"slide\" aria-label=\"1 sur 10\"><figure class=\"swiper-slide-inner\"><img decoding=\"async\" class=\"swiper-slide-image\" src=\"https:\/\/www.krystkowiak.art\/wp-content\/uploads\/2025\/02\/Logo_Artsper-150x150.jpg\" alt=\"Logo_Artsper\" \/><\/figure><\/div><div class=\"swiper-slide\" role=\"group\" aria-roledescription=\"slide\" aria-label=\"2 sur 10\"><figure class=\"swiper-slide-inner\"><img decoding=\"async\" class=\"swiper-slide-image\" src=\"https:\/\/www.krystkowiak.art\/wp-content\/uploads\/2025\/02\/libre-est-lart-150x150.jpg\" alt=\"libre est lart\" \/><\/figure><\/div><div class=\"swiper-slide\" role=\"group\" aria-roledescription=\"slide\" aria-label=\"3 sur 10\"><figure class=\"swiper-slide-inner\"><img decoding=\"async\" class=\"swiper-slide-image\" src=\"https:\/\/www.krystkowiak.art\/wp-content\/uploads\/2025\/02\/Capture-decran-2025-02-06-a-03.10.17-150x150.png\" alt=\"Capture d\u2019e\u0301cran 2025-02-06 a\u0300 03.10.17\" \/><\/figure><\/div><div class=\"swiper-slide\" role=\"group\" aria-roledescription=\"slide\" aria-label=\"4 sur 10\"><figure class=\"swiper-slide-inner\"><img decoding=\"async\" class=\"swiper-slide-image\" src=\"https:\/\/www.krystkowiak.art\/wp-content\/uploads\/2025\/02\/Capture-decran-2025-02-06-a-03.08.46-150x150.png\" alt=\"Capture d\u2019e\u0301cran 2025-02-06 a\u0300 03.08.46\" \/><\/figure><\/div><div class=\"swiper-slide\" role=\"group\" aria-roledescription=\"slide\" aria-label=\"5 sur 10\"><figure class=\"swiper-slide-inner\"><img decoding=\"async\" class=\"swiper-slide-image\" src=\"https:\/\/www.krystkowiak.art\/wp-content\/uploads\/2025\/02\/artmajeur-logo-png_seeklogo-488317-150x150.png\" alt=\"artmajeur-logo-png_seeklogo-488317\" \/><\/figure><\/div><div class=\"swiper-slide\" role=\"group\" aria-roledescription=\"slide\" aria-label=\"6 sur 10\"><figure class=\"swiper-slide-inner\"><img decoding=\"async\" class=\"swiper-slide-image\" src=\"https:\/\/www.krystkowiak.art\/wp-content\/uploads\/2025\/02\/art3f_monaco_logo_11684-150x150.webp\" alt=\"art3f_monaco_logo_11684\" \/><\/figure><\/div><div class=\"swiper-slide\" role=\"group\" aria-roledescription=\"slide\" aria-label=\"7 sur 10\"><figure class=\"swiper-slide-inner\"><img decoding=\"async\" class=\"swiper-slide-image\" src=\"https:\/\/www.krystkowiak.art\/wp-content\/uploads\/2025\/06\/images-150x150.png\" alt=\"images\" \/><\/figure><\/div><div class=\"swiper-slide\" role=\"group\" aria-roledescription=\"slide\" aria-label=\"8 sur 10\"><figure class=\"swiper-slide-inner\"><img decoding=\"async\" class=\"swiper-slide-image\" src=\"https:\/\/www.krystkowiak.art\/wp-content\/uploads\/2025\/06\/bxuDvuq__400x400-150x150.jpg\" alt=\"bxuDvuq__400x400\" \/><\/figure><\/div><div class=\"swiper-slide\" role=\"group\" aria-roledescription=\"slide\" aria-label=\"9 sur 10\"><figure class=\"swiper-slide-inner\"><img decoding=\"async\" class=\"swiper-slide-image\" src=\"https:\/\/www.krystkowiak.art\/wp-content\/uploads\/2025\/06\/xwrvjbch4sz0swxv26rc-150x150.png\" alt=\"xwrvjbch4sz0swxv26rc\" \/><\/figure><\/div><div class=\"swiper-slide\" role=\"group\" aria-roledescription=\"slide\" aria-label=\"10 sur 10\"><figure class=\"swiper-slide-inner\"><img decoding=\"async\" class=\"swiper-slide-image\" src=\"https:\/\/www.krystkowiak.art\/wp-content\/uploads\/2025\/06\/images-1-150x150.png\" alt=\"images-1\" \/><\/figure><\/div>\t\t\t<\/div>\n\t\t\t\t\t\t\t\t\t\t\t\t<div class=\"elementor-swiper-button elementor-swiper-button-prev\" role=\"button\" tabindex=\"0\">\n\t\t\t\t\t\t<i aria-hidden=\"true\" class=\"eicon-chevron-left\"><\/i>\t\t\t\t\t<\/div>\n\t\t\t\t\t<div class=\"elementor-swiper-button elementor-swiper-button-next\" role=\"button\" tabindex=\"0\">\n\t\t\t\t\t\t<i aria-hidden=\"true\" class=\"eicon-chevron-right\"><\/i>\t\t\t\t\t<\/div>\n\t\t\t\t\n\t\t\t\t\t\t\t\t\t<div class=\"swiper-pagination\"><\/div>\n\t\t\t\t\t\t\t\t\t<\/div>\n\t\t\t\t\t\t<\/div>\n\t\t\t\t<\/div>\n\t\t\t\t\t<\/div>\n\t\t<\/div>\n\t\t\t\t\t<\/div>\n\t\t<\/section>\n\t\t\t\t<\/div>\n\t\t","protected":false},"excerpt":{"rendered":"<p>\u00c0 PROPOS N\u00e9e en Pologne, je suis profond\u00e9ment passionn\u00e9e par la photographie de la nature et les voyages. Depuis mon enfance, j\u2019ai \u00e9t\u00e9 t\u00e9moin de l\u2019art cr\u00e9atif de mon p\u00e8re, qui est peintre, dessinateur, sculpteur et artisan de bijoux. J\u2019ai poursuivi mes \u00e9tudes \u00e0 Poznan, fr\u00e9quentant une \u00e9cole priv\u00e9e d\u2019architecture et d\u2019art de renom en [&hellip;]<\/p>\n","protected":false},"author":1,"featured_media":0,"parent":0,"menu_order":0,"comment_status":"closed","ping_status":"closed","template":"","meta":{"iawp_total_views":299,"footnotes":""},"class_list":["post-452","page","type-page","status-publish","hentry"],"brizy_media":[],"_links":{"self":[{"href":"https:\/\/www.krystkowiak.art\/index.php?rest_route=\/wp\/v2\/pages\/452","targetHints":{"allow":["GET"]}}],"collection":[{"href":"https:\/\/www.krystkowiak.art\/index.php?rest_route=\/wp\/v2\/pages"}],"about":[{"href":"https:\/\/www.krystkowiak.art\/index.php?rest_route=\/wp\/v2\/types\/page"}],"author":[{"embeddable":true,"href":"https:\/\/www.krystkowiak.art\/index.php?rest_route=\/wp\/v2\/users\/1"}],"replies":[{"embeddable":true,"href":"https:\/\/www.krystkowiak.art\/index.php?rest_route=%2Fwp%2Fv2%2Fcomments&post=452"}],"version-history":[{"count":58,"href":"https:\/\/www.krystkowiak.art\/index.php?rest_route=\/wp\/v2\/pages\/452\/revisions"}],"predecessor-version":[{"id":1227,"href":"https:\/\/www.krystkowiak.art\/index.php?rest_route=\/wp\/v2\/pages\/452\/revisions\/1227"}],"wp:attachment":[{"href":"https:\/\/www.krystkowiak.art\/index.php?rest_route=%2Fwp%2Fv2%2Fmedia&parent=452"}],"curies":[{"name":"wp","href":"https:\/\/api.w.org\/{rel}","templated":true}]}}